{"id":6021,"date":"2022-03-31T23:28:34","date_gmt":"2022-03-31T23:28:34","guid":{"rendered":"https:\/\/monsiegeautobebe.fr\/?page_id=6021"},"modified":"2022-03-31T23:28:34","modified_gmt":"2022-03-31T23:28:34","slug":"pago-entrega","status":"publish","type":"page","link":"https:\/\/www.monsiegeautobebe.fr\/es\/pago-entrega\/","title":{"rendered":"Pago y entrega"},"content":{"rendered":"<h2><strong>PLAZOS DE ENTREGA<\/strong><\/h2>\n<p>Los pedidos se tramitan en un plazo de 24 a 48 horas, excepto fines de semana y festivos. El env\u00edo con seguimiento se utiliza por defecto para todos nuestros pedidos.<\/p>\n<ul>\n<li>\ud83c\udf0d\u00a0<strong>Env\u00edo con seguimiento GRATUITO<\/strong>\u00a0en Francia y en el extranjero<\/li>\n<li>\ud83d\udd52 Plazos de entrega de\u00a0<strong>De 3 a 6 d\u00edas<\/strong>\u00a0para Francia y\u00a0<strong>De 4 a 7 d\u00edas<\/strong>\u00a0para B\u00e9lgica y Suiza.<\/li>\n<\/ul>\n<p>Para el resto del mundo, los plazos de entrega son\u00a0<strong>De 15 a 25 d\u00edas laborables.<\/strong><\/p>\n<p>Para todos los pedidos, el plazo m\u00e1ximo de entrega es de 45 d\u00edas laborables. Si no recibes tu art\u00edculo en 45 d\u00edas, te devolveremos el dinero.<\/p>\n<h2><strong>MEDIOS DE PAGO<\/strong><\/h2>\n<p>\ud83d\udcb3 Aceptamos la mayor\u00eda de las formas de pago con tarjeta de cr\u00e9dito (Carte Bleue, Visa, Mastercard) o a trav\u00e9s de Paypal.<\/p>\n<p>\ud83d\udd12 El pago con tarjeta de cr\u00e9dito o a trav\u00e9s de PayPal es totalmente seguro. Durante el pago, toda la informaci\u00f3n bancaria est\u00e1 encriptada y protegida (est\u00e1ndar SSL) para que puedas hacer tu pedido con total tranquilidad.<\/p>\n<h2><strong>SEGUIMIENTO DE PEDIDOS<br \/>\n<\/strong><\/h2>\n<p>Puede seguir el progreso de su pedido utilizando el n\u00famero de seguimiento que se le env\u00eda por correo electr\u00f3nico cuando se expide su pedido.<\/p>\n<p>Los pedidos son entregados por el servicio postal de su pa\u00eds, sin contacto previo.<\/p>","protected":false},"excerpt":{"rendered":"<p>PLAZO DE ENTREGA Los pedidos se tramitan en un plazo de 24 a 48 horas, excepto fines de semana y festivos. La entrega con seguimiento se utiliza por defecto para todos nuestros pedidos. \ud83c\udf0d Entrega con seguimiento GRATUITA en Francia y en el extranjero \ud83d\udd52 Plazos de entrega de 3 a 6 d\u00edas laborables para Francia y de 4 a 7 d\u00edas laborables para el resto del mundo.<\/p>","protected":false},"author":2,"featured_media":0,"parent":0,"menu_order":0,"comment_status":"closed","ping_status":"closed","template":"","meta":{"footnotes":""},"class_list":["post-6021","page","type-page","status-publish"],"_links":{"self":[{"href":"https:\/\/www.monsiegeautobebe.fr\/es\/wp-json\/wp\/v2\/pages\/6021","targetHints":{"allow":["GET"]}}],"collection":[{"href":"https:\/\/www.monsiegeautobebe.fr\/es\/wp-json\/wp\/v2\/pages"}],"about":[{"href":"https:\/\/www.monsiegeautobebe.fr\/es\/wp-json\/wp\/v2\/types\/page"}],"author":[{"embeddable":true,"href":"https:\/\/www.monsiegeautobebe.fr\/es\/wp-json\/wp\/v2\/users\/2"}],"replies":[{"embeddable":true,"href":"https:\/\/www.monsiegeautobebe.fr\/es\/wp-json\/wp\/v2\/comments?post=6021"}],"version-history":[{"count":0,"href":"https:\/\/www.monsiegeautobebe.fr\/es\/wp-json\/wp\/v2\/pages\/6021\/revisions"}],"wp:attachment":[{"href":"https:\/\/www.monsiegeautobebe.fr\/es\/wp-json\/wp\/v2\/media?parent=6021"}],"curies":[{"name":"wp","href":"https:\/\/api.w.org\/{rel}","templated":true}]}}