{"id":6716,"date":"2022-11-25T16:25:17","date_gmt":"2022-11-25T15:25:17","guid":{"rendered":"https:\/\/www.monsiegeautobebe.fr\/?page_id=6716"},"modified":"2022-11-25T16:37:14","modified_gmt":"2022-11-25T15:37:14","slug":"datenschutzrichtlinie","status":"publish","type":"page","link":"https:\/\/www.monsiegeautobebe.fr\/de_at\/datenschutzrichtlinie\/","title":{"rendered":"Datenschutzrichtlinie"},"content":{"rendered":"<p>Die Website MonSi\u00e8geAutoB\u00e9b\u00e9 ist um die Rechte von Einzelpersonen bem\u00fcht, insbesondere im Hinblick auf automatisierte Verarbeitungen, und hat im Bestreben um Transparenz gegen\u00fcber ihren Kunden eine Politik eingef\u00fchrt, die alle diese Verarbeitungen, die von ihnen verfolgten Zwecke sowie die den Einzelpersonen zur Verf\u00fcgung stehenden Handlungsm\u00f6glichkeiten auff\u00fchrt, damit sie ihre Rechte bestm\u00f6glich aus\u00fcben k\u00f6nnen.<\/p>\n<p>Weitere Informationen \u00fcber den Schutz personenbezogener Daten finden Sie unter: https:\/\/www.cnil.fr\/<\/p>\n<p>Das weitere Surfen auf dieser Website bedeutet, dass Sie die folgenden Bestimmungen und Nutzungsbedingungen vorbehaltlos akzeptieren.<\/p>\n<p>Die derzeit online verf\u00fcgbare Version dieser Nutzungsbedingungen ist w\u00e4hrend der gesamten Nutzungsdauer der Website und bis zu dem Zeitpunkt, an dem sie durch eine neue Version ersetzt wird, die einzig verbindliche Version.<\/p>\n<p><strong>Artikel 1 - Rechtliche Hinweise<\/strong><\/p>\n<p><u>1.1 Website (im Folgenden \"die Website\")<\/u>\u00a0:<\/p>\n<p><span class=\"boiler-field\">Mein <a href=\"https:\/\/www.monsiegeautobebe.fr\/de_at\/\">Kindersitz<\/a> Baby<\/span><\/p>\n<p><u>1.2 Herausgeber (im Folgenden \"der Herausgeber\")<\/u>\u00a0:<\/p>\n<div>\n<p>Das Unternehmen MeinAutoBabySitz<\/p>\n<p>E-Mail-Adresse: contact @ monsiegeautobebe.fr<\/p>\n<\/div>\n<p><u>1.3 Hosting-Anbieter (im Folgenden \"der Host\")<\/u>\u00a0:<\/p>\n<p><span class=\"boiler-field\">Mein <a href=\"https:\/\/www.monsiegeautobebe.fr\/de_at\/kindersitzberatung\/\">Baby-Autositz<\/a><\/span>\u00a0wird gehostet von\u00a0<span class=\"boiler-field\">o2switch<\/span>mit Sitz in\u00a0<span class=\"boiler-field\">Chem. des Pardiaux<\/span>\u00a0<span class=\"boiler-field\">63000 Clermont-Ferrand<\/span>.<\/p>\n<p><strong>Artikel 2 - Zugang zur Website<\/strong><\/p>\n<p>Der Zugang zur Website und ihre Nutzung sind ausschlie\u00dflich f\u00fcr den pers\u00f6nlichen Gebrauch bestimmt. Sie verpflichten sich, diese Website und die darin enthaltenen Informationen oder Daten nicht zu kommerziellen, politischen oder Werbezwecken sowie f\u00fcr jede Form von kommerzieller Werbung und insbesondere f\u00fcr das Versenden von unerw\u00fcnschten E-Mails zu nutzen.<\/p>\n<p><strong>Artikel 3 - Inhalt der Seite<\/strong><\/p>\n<p>Alle Marken, Fotografien, Texte, Kommentare, Illustrationen, animierte oder nicht animierte Bilder, Videosequenzen, T\u00f6ne sowie alle Computeranwendungen, die f\u00fcr das Funktionieren dieser Website verwendet werden k\u00f6nnten, und ganz allgemein alle auf der Website reproduzierten oder verwendeten Elemente sind durch die geltenden Gesetze zum Schutz des geistigen Eigentums gesch\u00fctzt.<\/p>\n<p>Sie sind das vollst\u00e4ndige und uneingeschr\u00e4nkte Eigentum des Herausgebers oder seiner Partner. Jede Vervielf\u00e4ltigung, Darstellung, Nutzung oder Anpassung, in welcher Form auch immer, aller oder eines Teils dieser Elemente, einschlie\u00dflich der Computeranwendungen, ohne die vorherige schriftliche Zustimmung des Herausgebers ist strengstens untersagt. Die Tatsache, dass der Herausgeber nicht sofort nach Kenntnisnahme dieser nicht genehmigten Nutzungen ein Verfahren einleitet, bedeutet nicht, dass er diese Nutzungen akzeptiert und auf eine Strafverfolgung verzichtet.<\/p>\n<p><strong>Artikel 4 - Verwaltung der Website<\/strong><\/p>\n<p>Zur ordnungsgem\u00e4\u00dfen Verwaltung der Website kann der Herausgeber jederzeit :<\/p>\n<ul>\n<li>den Zugriff auf die gesamte oder einen Teil der Website aussetzen, unterbrechen oder einschr\u00e4nken, den Zugriff auf die Website oder bestimmte Teile der Website einer bestimmten Kategorie von Internetnutzern vorbehalten;<\/li>\n<li>Informationen zu l\u00f6schen, die den Betrieb st\u00f6ren k\u00f6nnten oder gegen nationale oder internationale Gesetze versto\u00dfen;<\/li>\n<li>die Website aussetzen, um Aktualisierungen vorzunehmen.<\/li>\n<\/ul>\n<p><strong>Artikel 5 - Verantwortlichkeiten<\/strong><\/p>\n<p>Der Herausgeber kann nicht f\u00fcr Fehler, Pannen, Schwierigkeiten oder Betriebsunterbrechungen haftbar gemacht werden, die den Zugang zur Website oder zu einer ihrer Funktionen verhindern.<\/p>\n<p>Die von Ihnen verwendete Hardware f\u00fcr die Verbindung mit der Website unterliegt Ihrer alleinigen Verantwortung. Sie m\u00fcssen alle geeigneten Ma\u00dfnahmen ergreifen, um Ihre Hardware und Ihre eigenen Daten insbesondere vor Virenangriffen \u00fcber das Internet zu sch\u00fctzen. Dar\u00fcber hinaus sind Sie allein verantwortlich f\u00fcr die Websites und Daten, die Sie aufrufen.<\/p>\n<p>Der Herausgeber haftet nicht f\u00fcr rechtliche Schritte gegen Sie:<\/p>\n<ul>\n<li>aufgrund der Nutzung der Website oder eines \u00fcber das Internet zug\u00e4nglichen Dienstes ;<\/li>\n<li>aufgrund Ihrer Nichteinhaltung der vorliegenden Allgemeinen Gesch\u00e4ftsbedingungen.<\/li>\n<\/ul>\n<p>Der Herausgeber haftet nicht f\u00fcr Sch\u00e4den, die Ihnen, Dritten und\/oder Ihrer Ausr\u00fcstung durch Ihre Verbindung oder Nutzung der Website entstehen, und Sie verzichten auf jegliche Klage gegen ihn aus diesem Grund.<\/p>\n<p>Sollte der Herausgeber aufgrund Ihrer Nutzung der Website Gegenstand eines g\u00fctlichen oder gerichtlichen Verfahrens werden, kann er sich an Sie wenden, um alle Sch\u00e4den, Summen, Verurteilungen und Kosten, die sich aus diesem Verfahren ergeben k\u00f6nnten, ersetzt zu bekommen.<\/p>\n<p><strong>Artikel 6 - Hyperlinks<\/strong><\/p>\n<p>Die Einrichtung von Hypertext-Links zu allen oder einem Teil der Website durch die Nutzer ist vom Herausgeber gestattet. Jeder Link muss auf einfache Anfrage des Herausgebers entfernt werden.<\/p>\n<p>Alle Informationen, die \u00fcber einen Link zu anderen Websites zug\u00e4nglich sind, werden nicht vom Herausgeber ver\u00f6ffentlicht. Der Herausgeber verf\u00fcgt \u00fcber keinerlei Rechte an den Inhalten, die in dem genannten Link enthalten sind.<\/p>\n<p><strong>Artikel 7 - Datenerhebung und -schutz<\/strong><\/p>\n<p>Ihre Daten werden von der Einzelfirma gesammelt\u00a0<span class=\"boiler-field\">Guillaume Fleury<\/span>.<\/p>\n<p>Personenbezogene Daten sind alle Informationen \u00fcber eine identifizierte oder identifizierbare nat\u00fcrliche Person (betroffene Person); als identifizierbar wird eine Person angesehen, die direkt oder indirekt identifiziert werden kann, insbesondere durch Zuordnung zu einem Namen, einer Kennnummer oder zu einem oder mehreren spezifischen Elementen, die Ausdruck ihrer physischen, physiologischen, genetischen, psychischen, wirtschaftlichen, kulturellen oder sozialen Identit\u00e4t sind.<\/p>\n<p>Die pers\u00f6nlichen Informationen, die auf der Website gesammelt werden k\u00f6nnen, werden vom Herausgeber haupts\u00e4chlich f\u00fcr die Verwaltung der Beziehungen mit Ihnen und gegebenenfalls f\u00fcr die Bearbeitung Ihrer Bestellungen verwendet.<\/p>\n<p>Die erhobenen personenbezogenen Daten sind folgende:<\/p>\n<div>\n<p>- Finanzdaten: Im Rahmen der Bezahlung von Produkten und Leistungen, die auf der Plattform angeboten werden, speichert die Plattform Finanzdaten zur Kreditkarte des Nutzers.<\/p>\n<\/div>\n<p><strong>Artikel 8 - Recht auf Zugang, Berichtigung und Auslistung Ihrer Daten<\/strong><\/p>\n<p>In Anwendung der geltenden Vorschriften \u00fcber personenbezogene Daten haben die Nutzer folgende Rechte:<\/p>\n<ul>\n<li>das Recht auf Zugang: Sie k\u00f6nnen ihr Recht auf Zugang aus\u00fcben, um zu erfahren, welche personenbezogenen Daten \u00fcber sie gespeichert sind, indem sie an die unten genannte E-Mail-Adresse schreiben. In diesem Fall kann die Plattform vor der Aus\u00fcbung dieses Rechts einen Nachweis der Identit\u00e4t des Nutzers verlangen, um die Richtigkeit der Daten zu \u00fcberpr\u00fcfen;<\/li>\n<li dir=\"ltr\">\n<p dir=\"ltr\">das Recht auf Berichtigung: Wenn die von der Plattform gespeicherten personenbezogenen Daten unrichtig sind, k\u00f6nnen sie die Aktualisierung der Informationen verlangen;<\/p>\n<\/li>\n<li dir=\"ltr\">\n<p dir=\"ltr\">das Recht auf Datenl\u00f6schung: Nutzer k\u00f6nnen gem\u00e4\u00df den geltenden Datenschutzgesetzen die L\u00f6schung ihrer personenbezogenen Daten verlangen ;<\/p>\n<\/li>\n<li dir=\"ltr\">\n<p dir=\"ltr\">das Recht auf Einschr\u00e4nkung der Verarbeitung: Nutzer k\u00f6nnen die Plattform auffordern, die Verarbeitung personenbezogener Daten gem\u00e4\u00df den Annahmen der DSGVO einzuschr\u00e4nken;<\/p>\n<\/li>\n<li dir=\"ltr\">\n<p dir=\"ltr\">das Recht, der Datenverarbeitung zu widersprechen: Nutzer k\u00f6nnen der Verarbeitung ihrer Daten gem\u00e4\u00df den in der DSGVO vorgesehenen Annahmen widersprechen;<\/p>\n<\/li>\n<li dir=\"ltr\">\n<p dir=\"ltr\">das Recht auf \u00dcbertragbarkeit: Sie k\u00f6nnen verlangen, dass die Plattform ihnen die von ihnen bereitgestellten personenbezogenen Daten aush\u00e4ndigt, um sie an eine neue Plattform weiterzugeben.<\/p>\n<\/li>\n<\/ul>\n<p>Sie k\u00f6nnen dieses Recht aus\u00fcben, indem Sie uns per E-Mail unter folgender Adresse kontaktieren: contact @ monsiegeautobebe.fr<\/p>\n<p>Jedem Antrag muss die Fotokopie eines g\u00fcltigen, unterschriebenen Identit\u00e4tstitels beiliegen und die Adresse enthalten, unter der der Herausgeber den Antragsteller kontaktieren kann. Die Antwort wird innerhalb eines Monats nach Eingang des Antrags \u00fcbermittelt. Diese einmonatige Frist kann um zwei Monate verl\u00e4ngert werden, wenn die Komplexit\u00e4t des Antrags und\/oder die Anzahl der Antr\u00e4ge dies erfordern.<\/p>\n<p>Dar\u00fcber hinaus und seit dem Gesetz Nr. 2016-1321 vom 7. Oktober 2016 haben Personen, die dies w\u00fcnschen, die M\u00f6glichkeit, den Verbleib ihrer Daten nach ihrem Tod zu organisieren. Weitere Informationen zu diesem Thema finden Sie auf der Website der CNIL: https:\/\/www.cnil.fr\/.<\/p>\n<p dir=\"ltr\">Nutzer k\u00f6nnen auch eine Beschwerde bei der CNIL auf der CNIL-Website einreichen: https:\/\/www.cnil.fr.<\/p>\n<p dir=\"ltr\">Wir empfehlen Ihnen, sich zun\u00e4chst an uns zu wenden, bevor Sie eine Beschwerde bei der CNIL einreichen, da wir Ihnen bei der L\u00f6sung Ihres Problems gerne behilflich sind.<\/p>\n<p><strong>Artikel 9 - Verwendung der Daten<\/strong><\/p>\n<p>Die von den Nutzern erhobenen personenbezogenen Daten dienen dazu, die Dienste der Plattform zur Verf\u00fcgung zu stellen, sie zu verbessern und eine sichere Umgebung aufrechtzuerhalten. Die Rechtsgrundlage f\u00fcr die Verarbeitungen ist die Erf\u00fcllung des Vertrags zwischen dem Nutzer und der Plattform. Im Einzelnen werden folgende Nutzungen vorgenommen:<\/p>\n<ul>\n<li>Zugang und Nutzung der Plattform durch den Nutzer ;<\/li>\n<li>Verwaltung des Betriebs und Optimierung der Plattform ;<\/li>\n<li>Implementierung von Nutzerunterst\u00fctzung ;<\/li>\n<li>\u00dcberpr\u00fcfung, Identifizierung und Authentifizierung der vom Nutzer \u00fcbermittelten Daten ;<\/li>\n<li>Personalisierung von Diensten durch die Anzeige von Werbung auf der Grundlage des Browserverlaufs des Nutzers, entsprechend seinen Vorlieben ;<\/li>\n<li>Vorbeugung und Erkennung von Betrug, Malware und Sicherheitsvorf\u00e4llen ;<\/li>\n<li>Verwaltung m\u00f6glicher Streitigkeiten mit den Nutzern ;<\/li>\n<li>Senden von kommerziellen und werblichen Informationen, die auf den Pr\u00e4ferenzen des Nutzers basieren ;<\/li>\n<li>Organisation der Bedingungen f\u00fcr die Nutzung von Zahlungsdiensten.<\/li>\n<\/ul>\n<p><strong>Artikel 10 - Politik der Datenaufbewahrung<\/strong><\/p>\n<p>Die Plattform speichert Ihre Daten so lange, wie es notwendig ist, um Ihnen ihre Dienste oder Unterst\u00fctzung zur Verf\u00fcgung zu stellen.<\/p>\n<p>In dem Ma\u00dfe, wie es vern\u00fcnftigerweise notwendig oder erforderlich ist, um gesetzlichen oder regulatorischen Verpflichtungen nachzukommen, Streitigkeiten beizulegen, Betrug und Missbrauch zu verhindern oder unsere Gesch\u00e4ftsbedingungen durchzusetzen, k\u00f6nnen wir einige Ihrer Informationen bei Bedarf auch dann aufbewahren, wenn Sie Ihr Konto geschlossen haben oder wir sie nicht mehr ben\u00f6tigen, um Ihnen unsere Dienste zur Verf\u00fcgung zu stellen.<\/p>\n<p><strong>Artikel 11- Weitergabe von personenbezogenen Daten an Dritte<\/strong><\/p>\n<p>Pers\u00f6nliche Daten k\u00f6nnen in folgenden F\u00e4llen an Drittunternehmen ausschlie\u00dflich in der Europ\u00e4ischen Union weitergegeben werden:<\/p>\n<ul>\n<li>wenn der Nutzer Zahlungsdienste nutzt, steht die Plattform f\u00fcr die Umsetzung dieser Dienste mit dritten Bank- und Finanzunternehmen in Verbindung, mit denen sie Vertr\u00e4ge abgeschlossen hat ;<\/li>\n<li>wenn der Nutzer in den freien Kommentarbereichen der Plattform \u00f6ffentlich zug\u00e4ngliche Informationen ver\u00f6ffentlicht;<\/li>\n<li>wenn der Nutzer der Website eines Dritten den Zugriff auf seine Daten erlaubt ;<\/li>\n<li>wenn die Plattform die Dienste von Dienstleistern in Anspruch nimmt, um Nutzerunterst\u00fctzung, Werbung und Zahlungsdienste zu erbringen. Diese Dienstleister haben im Rahmen der Erbringung dieser Leistungen einen begrenzten Zugang zu den Daten der Nutzer und sind vertraglich verpflichtet, diese Daten in \u00dcbereinstimmung mit den geltenden Datenschutzbestimmungen zu verwenden;<\/li>\n<li>wenn es gesetzlich vorgeschrieben ist, kann die Plattform die \u00dcbermittlung von Daten vornehmen, um gegen die Plattform vorgebrachten Anspr\u00fcchen nachzugehen und um Verwaltungs- und Gerichtsverfahren zu erf\u00fcllen.<\/li>\n<\/ul>\n<p><strong>Artikel 12 - Kommerzielle Angebote<\/strong><\/p>\n<p>Es kann sein, dass Sie kommerzielle Angebote des Herausgebers erhalten. Wenn Sie dies nicht w\u00fcnschen, klicken Sie bitte auf den folgenden Link:\u00a0<span class=\"boiler-field\">kontakt @ monsiegeautobebe.de<\/span>.<\/p>\n<p>Ihre Daten k\u00f6nnen von den Partnern des Herausgebers zu Zwecken der kommerziellen Werbung verwendet werden. Wenn Sie dies nicht w\u00fcnschen, klicken Sie bitte auf den folgenden Link:\u00a0<span class=\"boiler-field\">contact@monsiegeautobebe.fr.<\/span><\/p>\n<p>Wenn Sie beim Besuch der Website auf personenbezogene Daten zugreifen, m\u00fcssen Sie sich jeglicher Sammlung, unbefugter Nutzung und jeglicher Handlung, die eine Verletzung des Privatlebens oder des Rufs von Personen darstellen k\u00f6nnte, enthalten. Der Herausgeber lehnt diesbez\u00fcglich jede Haftung ab.<\/p>\n<p>Die Daten werden f\u00fcr einen Zeitraum aufbewahrt und verwendet, der mit den geltenden Gesetzen \u00fcbereinstimmt.<\/p>\n<p><strong>Artikel 13 - Cookies<\/strong><\/p>\n<p>Was ist ein \"Cookie\"?<\/p>\n<p>Ein \"Cookie\" oder Tracer ist eine elektronische Datei, die auf einem Endger\u00e4t (Computer, Tablet, Smartphone, ...) abgelegt und z. B. beim Besuch einer Website, beim Lesen einer E-Mail, bei der Installation oder Nutzung einer Software oder einer mobilen Anwendung gelesen wird, und zwar unabh\u00e4ngig von der Art des verwendeten Endger\u00e4ts (Quelle: https:\/\/www.cnil.fr\/fr\/cookies-traceurs-que-dit-la-loi).<\/p>\n<p>Die Website kann automatisch Standardinformationen sammeln. Alle indirekt gesammelten Informationen werden nur verwendet, um das Volumen, die Art und das Muster des Verkehrs, der diese Seite nutzt, zu verfolgen, um das Design und die Gestaltung der Seite weiterzuentwickeln und f\u00fcr andere Verwaltungs- und Planungszwecke sowie allgemein zur Verbesserung der Dienstleistungen, die wir Ihnen anbieten, zu nutzen.<\/p>\n<p>Gegebenenfalls k\u00f6nnen \"Cookies\", die vom Herausgeber der Website und\/oder von Drittfirmen stammen, mit Ihrer Zustimmung auf Ihrem Terminal abgelegt werden. In diesem Fall erscheint bei der ersten Navigation auf dieser Website ein Banner, das die Verwendung von \"Cookies\" erl\u00e4utert. Bevor der Kunde und\/oder Interessent die Navigation fortsetzt, muss er der Verwendung dieser \"Cookies\" zustimmen oder sie ablehnen. Die erteilte Zustimmung ist f\u00fcr einen Zeitraum von dreizehn (13) Monaten g\u00fcltig. Der Nutzer hat jederzeit die M\u00f6glichkeit, die Verwendung von Cookies zu deaktivieren.<\/p>\n<p>Die folgenden Cookies sind auf dieser Website vorhanden:<\/p>\n<div>\n<p><strong>Google Cookies :<\/strong><\/p>\n<ul>\n<li>Google analytics: erm\u00f6glicht die Messung der Besucherzahlen der Website ;<\/li>\n<li>Google tag manager: erleichtert die Implementierung von Tags auf Seiten und erm\u00f6glicht die Verwaltung von Google Tags ;<\/li>\n<li>Google Adsense: Googles Werbenetzwerk, das YouTube-Websites oder -Videos als Medium f\u00fcr seine Anzeigen nutzt ;<\/li>\n<li>Google Dynamic Remarketing: Erm\u00f6glicht es Ihnen, dynamische Werbung auf der Grundlage fr\u00fcherer Suchanfragen zu schalten;<\/li>\n<li>Google Adwords Conversion: Tool zur Verfolgung von Adwords-Werbekampagnen ;<\/li>\n<li>DoubleClick: Werbecookies von Google, um Banner zu schalten.<\/li>\n<\/ul>\n<\/div>\n<div>\n<p><strong>Facebook-Cookies :<\/strong><\/p>\n<ul>\n<li>Facebook connect: Erm\u00f6glicht das Anmelden mit dem Facebook-Konto ;<\/li>\n<li>Facebook Social Plugins: Erm\u00f6glicht das Liken, Teilen und Kommentieren von Inhalten mit einem Facebook-Konto ;<\/li>\n<li>Facebook Custom Audience: Erm\u00f6glicht es, mit dem Publikum auf Facebook zu interagieren.<\/li>\n<li><span class=\"boiler-field\" style=\"font-size: 14px; color: var(--c-contrast-800);\">Sitzungscookies, die die Verwaltung von Benutzern erm\u00f6glichen.<\/span><\/li>\n<\/ul>\n<\/div>\n<p>Die Lebensdauer dieser Cookies betr\u00e4gt dreizehn Monate.<\/p>\n<p><strong>Artikel 14 - Fotografien und Darstellung von Produkten<\/strong><\/p>\n<p>Die Produktfotografien, die die Beschreibung der Produkte begleiten, sind nicht vertraglich bindend und verpflichten den Herausgeber nicht.<\/p>\n<p><strong>Artikel 15 - Anwendbares Recht<\/strong><\/p>\n<p>Die vorliegenden Nutzungsbedingungen f\u00fcr die Website unterliegen franz\u00f6sischem Recht und der Zust\u00e4ndigkeit der Gerichte am Sitz des Herausgebers, vorbehaltlich einer speziellen Zust\u00e4ndigkeitszuweisung, die sich aus einem besonderen Gesetzes- oder Verordnungstext ergibt.<\/p>\n<p><strong>Artikel 16 - Kontaktieren Sie uns<\/strong><\/p>\n<p>Bei Fragen, Informationen zu den auf der Website vorgestellten Produkten oder zur Website selbst k\u00f6nnen Sie eine Nachricht an die folgende Adresse schicken: contact @ monsiegeautobebe.fr<\/p>","protected":false},"excerpt":{"rendered":"<p>Die Website MonSi\u00e8geAutoB\u00e9b\u00e9 ist um die Rechte von Einzelpersonen bem\u00fcht, insbesondere im Hinblick auf automatisierte Verarbeitungen, und hat im Bestreben um Transparenz gegen\u00fcber ihren Kunden eine Politik eingef\u00fchrt, die alle diese Verarbeitungen, die von ihnen verfolgten Zwecke sowie die den Einzelpersonen zur Verf\u00fcgung stehenden Handlungsm\u00f6glichkeiten auff\u00fchrt, damit sie ihre Rechte bestm\u00f6glich aus\u00fcben k\u00f6nnen.<\/p>","protected":false},"author":2,"featured_media":0,"parent":0,"menu_order":0,"comment_status":"closed","ping_status":"closed","template":"","meta":{"footnotes":""},"class_list":["post-6716","page","type-page","status-publish"],"_links":{"self":[{"href":"https:\/\/www.monsiegeautobebe.fr\/de_at\/wp-json\/wp\/v2\/pages\/6716","targetHints":{"allow":["GET"]}}],"collection":[{"href":"https:\/\/www.monsiegeautobebe.fr\/de_at\/wp-json\/wp\/v2\/pages"}],"about":[{"href":"https:\/\/www.monsiegeautobebe.fr\/de_at\/wp-json\/wp\/v2\/types\/page"}],"author":[{"embeddable":true,"href":"https:\/\/www.monsiegeautobebe.fr\/de_at\/wp-json\/wp\/v2\/users\/2"}],"replies":[{"embeddable":true,"href":"https:\/\/www.monsiegeautobebe.fr\/de_at\/wp-json\/wp\/v2\/comments?post=6716"}],"version-history":[{"count":0,"href":"https:\/\/www.monsiegeautobebe.fr\/de_at\/wp-json\/wp\/v2\/pages\/6716\/revisions"}],"wp:attachment":[{"href":"https:\/\/www.monsiegeautobebe.fr\/de_at\/wp-json\/wp\/v2\/media?parent=6716"}],"curies":[{"name":"wp","href":"https:\/\/api.w.org\/{rel}","templated":true}]}}