{"id":65,"date":"2017-12-13T01:22:33","date_gmt":"2017-12-13T01:22:33","guid":{"rendered":"https:\/\/monsiegeautobebe.fr\/?page_id=65"},"modified":"2022-03-31T23:45:49","modified_gmt":"2022-03-31T23:45:49","slug":"legale-erwahnungen","status":"publish","type":"page","link":"https:\/\/www.monsiegeautobebe.fr\/de\/legale-erwahnungen\/","title":{"rendered":"Rechtliche Hinweise"},"content":{"rendered":"<h3>1. Allgemeine Bedingungen f\u00fcr die Nutzung der Website und der angebotenen Dienste.<\/h3>\n<p>Die Nutzung der Website www.monsiegeautobebe.fr setzt die vollst\u00e4ndige und uneingeschr\u00e4nkte Annahme der nachstehend beschriebenen allgemeinen Nutzungsbedingungen voraus. Diese Nutzungsbedingungen k\u00f6nnen jederzeit ge\u00e4ndert oder erg\u00e4nzt werden, sodass die Nutzer der Website aufgefordert werden, sie regelm\u00e4\u00dfig einzusehen.<\/p>\n<p>Diese Website ist normalerweise jederzeit f\u00fcr die Nutzer zug\u00e4nglich. Eine Unterbrechung aufgrund technischer Wartungsarbeiten kann jedoch von Mon <a href=\"https:\/\/www.monsiegeautobebe.fr\/de\/\">Kindersitz<\/a> B\u00e9b\u00e9, die sich dann bem\u00fchen wird, die Nutzer vorab \u00fcber die Daten und Zeiten des Eingriffs zu informieren.<\/p>\n<p>Die Website wird regelm\u00e4\u00dfig aktualisiert. Ebenso k\u00f6nnen die rechtlichen Hinweise jederzeit ge\u00e4ndert werden: Sie sind dennoch f\u00fcr den Nutzer verbindlich, der aufgefordert wird, so oft wie m\u00f6glich auf sie zu verweisen, um sie zur Kenntnis zu nehmen.<\/p>\n<p>Host: o2switch - 222-224 Boulevard Gustave Flaubert - 63000 Clermont-Ferrand - Frankreich.<\/p>\n<h3>2. Beschreibung der erbrachten Leistungen.<\/h3>\n<p>Die Website www.monsiegeautobebe.fr soll Informationen \u00fcber alle Aktivit\u00e4ten des Unternehmens liefern.<\/p>\n<p>Mein <a href=\"https:\/\/www.monsiegeautobebe.fr\/de\/kindersitzberatung\/\">Baby-Autositz<\/a> bem\u00fcht sich, auf der Website so genaue Informationen wie m\u00f6glich bereitzustellen. Er kann jedoch nicht f\u00fcr Auslassungen, Ungenauigkeiten und M\u00e4ngel in der Aktualisierung haftbar gemacht werden, die er selbst oder dritte Partner, die ihm diese Informationen zur Verf\u00fcgung stellen, verursacht haben.<\/p>\n<p>Alle auf der Website angegebenen Informationen sind unverbindlich und k\u00f6nnen sich \u00e4ndern. Dar\u00fcber hinaus sind die Informationen auf der Website nicht ersch\u00f6pfend. Sie werden vorbehaltlich der seit ihrer Ver\u00f6ffentlichung vorgenommenen \u00c4nderungen gegeben.<\/p>\n<h3>3. Vertragliche Einschr\u00e4nkungen der technischen Daten.<\/h3>\n<p>Die Website verwendet die JavaScript-Technologie.<\/p>\n<p>Die Website kann nicht f\u00fcr materielle Sch\u00e4den im Zusammenhang mit der Nutzung der Website haftbar gemacht werden. Dar\u00fcber hinaus verpflichtet sich der Nutzer der Website, auf die Website mit einer aktuellen Hardware zuzugreifen, die keine Viren enth\u00e4lt und \u00fcber einen Browser der neuesten Generation verf\u00fcgt, der auf dem neuesten Stand ist.<\/p>\n<h3>4. Geistiges Eigentum und F\u00e4lschungen.<\/h3>\n<p>Mon Si\u00e8ge Auto B\u00e9b\u00e9 ist Eigent\u00fcmer der Rechte am geistigen Eigentum oder besitzt die Nutzungsrechte f\u00fcr alle auf der Website zug\u00e4nglichen Elemente, insbesondere Texte, Bilder, Grafiken, Logos, Icons, T\u00f6ne, Software.<\/p>\n<p>Jede Vervielf\u00e4ltigung, Darstellung, \u00c4nderung, Ver\u00f6ffentlichung und Anpassung aller oder eines Teils der Elemente der Website, unabh\u00e4ngig von den verwendeten Mitteln oder Verfahren, ist untersagt, es sei denn, es liegt eine vorherige schriftliche Genehmigung von : MMon Baby-Autositz.<\/p>\n<p>Jede nicht genehmigte Nutzung der Website oder eines ihrer Elemente wird als F\u00e4lschung angesehen und gem\u00e4\u00df den Bestimmungen der Artikel L.335-2 ff. des franz\u00f6sischen Gesetzbuchs \u00fcber geistiges Eigentum (Code de Propri\u00e9t\u00e9 Intellectuelle) verfolgt.<\/p>\n<h3>5. Haftungsbeschr\u00e4nkungen.<\/h3>\n<p>Mon Si\u00e8ge Auto B\u00e9b\u00e9 haftet nicht f\u00fcr direkte und indirekte Sch\u00e4den an der Hardware des Nutzers beim Zugriff auf die Website www.monsiegeautobebe.fr, die entweder durch die Verwendung einer Hardware, die nicht den in Punkt 4 angegebenen Spezifikationen entspricht, oder durch das Auftreten eines Bugs oder einer Inkompatibilit\u00e4t verursacht werden.<\/p>\n<p>Mon Si\u00e8ge Auto B\u00e9b\u00e9 haftet auch nicht f\u00fcr indirekte Sch\u00e4den (wie z. B. Marktverlust oder Verlust einer Chance), die sich aus der Nutzung der Website ergeben.<\/p>\n<p>Interaktive Bereiche (M\u00f6glichkeit, Fragen im Kontaktbereich zu stellen) stehen den Nutzern zur Verf\u00fcgung. Mon Si\u00e8ge Auto B\u00e9b\u00e9 beh\u00e4lt sich das Recht vor, ohne vorherige Mahnung jeden in diesem Bereich abgelegten Inhalt zu l\u00f6schen, der gegen die in Frankreich geltenden Gesetze und insbesondere gegen die Bestimmungen zum Datenschutz verst\u00f6\u00dft. Gegebenenfalls beh\u00e4lt sich Mon Si\u00e8ge Auto B\u00e9b\u00e9 auch die M\u00f6glichkeit vor, den Nutzer zivil- und\/oder strafrechtlich haftbar zu machen, insbesondere bei rassistischen, beleidigenden, diffamierenden oder pornografischen Mitteilungen, unabh\u00e4ngig von den verwendeten Medien (Text, Fotografie...).<\/p>\n<h3>6. Verwaltung der pers\u00f6nlichen Daten.<\/h3>\n<p>In Frankreich sind personenbezogene Daten insbesondere durch das Gesetz Nr. 78-87 vom 6. Januar 1978, das Gesetz Nr. 2004-801 vom 6. August 2004, Artikel L. 226-13 des Strafgesetzbuches und die Europ\u00e4ische Richtlinie vom 24. Oktober 1995 gesch\u00fctzt.<\/p>\n<p>Bei der Nutzung der Website k\u00f6nnen folgende Daten erfasst werden: die URL der Links, \u00fcber die der Nutzer auf die Website gelangt ist, der Zugangsprovider des Nutzers, die Internetprotokoll-Adresse (IP) des Nutzers.<\/p>\n<p>In jedem Fall sammelt Mon Si\u00e8ge Auto B\u00e9b\u00e9 pers\u00f6nliche Informationen \u00fcber den Nutzer nur f\u00fcr die Zwecke bestimmter Dienstleistungen, die auf der Website www.monsiegeautobebe.fr angeboten werden. Der Nutzer stellt diese Informationen in voller Kenntnis der Sachlage zur Verf\u00fcgung, insbesondere wenn er sie selbst eingibt. Dem Nutzer der Website wird dann mitgeteilt, ob er diese Informationen bereitstellen muss oder nicht.<\/p>\n<p>Gem\u00e4\u00df den Bestimmungen der Artikel 38 ff. des Gesetzes 78-17 vom 6. Januar 1978 \u00fcber Informatik, Dateien und Freiheiten hat jeder Nutzer das Recht, auf die ihn betreffenden pers\u00f6nlichen Daten zuzugreifen, sie zu berichtigen und dagegen Einspruch zu erheben. Dazu muss er einen schriftlichen und unterschriebenen Antrag stellen, dem eine Kopie des Personalausweises mit Unterschrift des Inhabers des Dokuments beiliegt, und die Adresse angeben, an die die Antwort gesendet werden soll.<\/p>\n<p>Keine pers\u00f6nlichen Informationen des Nutzers der Website www.monsiegeautobebe.fr werden ohne Wissen des Nutzers ver\u00f6ffentlicht, ausgetauscht, \u00fcbertragen, abgetreten oder auf einem beliebigen Datentr\u00e4ger an Dritte verkauft. Nur wenn Mon Si\u00e8ge Auto B\u00e9b\u00e9 und seine Rechte \u00fcbernommen werden, k\u00f6nnen diese Informationen an einen eventuellen Erwerber weitergegeben werden, der seinerseits die gleiche Verpflichtung zur Aufbewahrung und \u00c4nderung der Daten gegen\u00fcber dem Nutzer der Website hat.<\/p>\n<p>Die oben genannte Website ist bei der CNIL unter der Nummer 1804763 angemeldet.<\/p>\n<p>Die Datenbanken sind durch die Bestimmungen des Gesetzes vom 1. Juli 1998 zur Umsetzung der Richtlinie 96\/9 vom 11. M\u00e4rz 1996 \u00fcber den rechtlichen Schutz von Datenbanken gesch\u00fctzt.<\/p>\n<h3>7. Hyperlinks und Cookies.<\/h3>\n<p>Die Website www.monsiegeautobebe.fr enth\u00e4lt eine Reihe von Hypertext-Links zu anderen Websites, die mit der Genehmigung von Mon Si\u00e8ge Auto B\u00e9b\u00e9 eingerichtet wurden. Mon Si\u00e8ge Auto B\u00e9b\u00e9 hat jedoch nicht die M\u00f6glichkeit, den Inhalt der so besuchten Seiten zu \u00fcberpr\u00fcfen, und \u00fcbernimmt dementsprechend keine Verantwortung daf\u00fcr.<\/p>\n<p>Das Surfen auf der Website kann dazu f\u00fchren, dass auf dem Computer des Nutzers ein Cookie(s) installiert wird. Ein Cookie ist eine kleine Datei, die keine Identifizierung des Nutzers erm\u00f6glicht, aber Informationen \u00fcber die Navigation eines Computers auf einer Website speichert. Die so erhaltenen Daten sollen die sp\u00e4tere Navigation auf der Website erleichtern und dienen auch dazu, verschiedene Messungen der Besucherzahlen zu erm\u00f6glichen.<\/p>\n<p>Die Verweigerung der Installation eines Cookies kann dazu f\u00fchren, dass der Zugang zu bestimmten Diensten nicht m\u00f6glich ist. Der Nutzer kann seinen Computer jedoch wie folgt konfigurieren, um die Installation von Cookies abzulehnen:<\/p>\n<p>Im Internet Explorer: Registerkarte Werkzeuge (Zahnrad-Piktogramm oben rechts) \/ Internetoptionen. Klicken Sie auf Datenschutz und w\u00e4hlen Sie Alle Cookies blockieren. Best\u00e4tigen Sie mit Ok.<\/p>\n<p>Unter Firefox: Klicken Sie oben im Browserfenster auf die Firefox-Schaltfl\u00e4che und gehen Sie dann auf die Registerkarte Optionen. Klicken Sie auf die Registerkarte Datenschutz.<br \/>\nStellen Sie die Aufbewahrungsregeln auf: Benutzerdefinierte Einstellungen f\u00fcr den Verlauf verwenden ein. Entfernen Sie schlie\u00dflich das H\u00e4kchen, um Cookies zu deaktivieren.<\/p>\n<p>Unter Safari: Klicken Sie oben rechts im Browser auf das Men\u00fc-Piktogramm (symbolisiert durch ein Zahnrad). W\u00e4hlen Sie Einstellungen aus. Klicken Sie auf Erweiterte Einstellungen anzeigen. Klicken Sie im Abschnitt \"Datenschutz\" auf Inhaltseinstellungen. Im Abschnitt \"Cookies\" k\u00f6nnen Sie Cookies blockieren.<\/p>\n<p>Unter Chrome: Klicken Sie oben rechts im Browser auf das Men\u00fc-Piktogramm (symbolisiert durch drei horizontale Linien). W\u00e4hlen Sie Einstellungen aus. Klicken Sie auf Erweiterte Einstellungen anzeigen. Klicken Sie im Abschnitt \"Datenschutz\" auf Einstellungen. Auf der Registerkarte \"Datenschutz\" k\u00f6nnen Sie Cookies blockieren.<\/p>\n<h3>8. Amazon-Programm<\/h3>\n<p>Mein Baby-Autositz nimmt am Partnerprogramm von Amazon Europe S.\u00e0.r.l. teil, einem Partnerprogramm, das f\u00fcr Websites konzipiert wurde, mittels dessen durch die Platzierung von Links zu anderen Websites Werbekostenerstattung verdient werden kann. <a href=\"http:\/\/www.amazon.fr\" target=\"_blank\" rel=\"nofollow noopener\">Amazon.de<\/a><\/p>\n<h3>9. Anwendbares Recht und Gerichtsbarkeit.<\/h3>\n<p>Alle Streitigkeiten im Zusammenhang mit der Nutzung der Website unterliegen dem franz\u00f6sischen Recht. Die ausschlie\u00dfliche Zust\u00e4ndigkeit liegt bei den zust\u00e4ndigen Gerichten in Paris.<\/p>\n<h3>10. Die wichtigsten betroffenen Gesetze.<\/h3>\n<p>Gesetz Nr. 78-87 vom 6. Januar 1978, insbesondere ge\u00e4ndert durch das Gesetz Nr. 2004-801 vom 6. August 2004 \u00fcber Informatik, Dateien und Freiheitsrechte.<\/p>\n<p>Gesetz Nr. 2004-575 vom 21. Juni 2004 f\u00fcr das Vertrauen in die digitale Wirtschaft.<\/p>\n<h3>11. Lexikon.<\/h3>\n<p>Nutzer: Internetnutzer, der sich einloggt und die oben genannte Website nutzt.<\/p>\n<p>Pers\u00f6nliche Informationen: \"Informationen, die in jedweder Form, direkt oder indirekt, die Identifizierung der nat\u00fcrlichen Personen erm\u00f6glichen, auf die sie sich beziehen\" (Artikel 4 des Gesetzes Nr. 78-17 vom 6. Januar 1978).<\/p>","protected":false},"excerpt":{"rendered":"<p>1. Allgemeine Bedingungen f\u00fcr die Nutzung der Website und der angebotenen Dienstleistungen. Die Nutzung der Website www.monsiegeautobebe.fr setzt die vollst\u00e4ndige und uneingeschr\u00e4nkte Annahme der nachstehend beschriebenen allgemeinen Nutzungsbedingungen voraus. Diese Nutzungsbedingungen k\u00f6nnen jederzeit ge\u00e4ndert oder erg\u00e4nzt werden, sodass die Nutzer der Website aufgefordert werden, sie regelm\u00e4\u00dfig zu konsultieren. Diese Website ist normalerweise zug\u00e4nglich<\/p>","protected":false},"author":2,"featured_media":0,"parent":0,"menu_order":0,"comment_status":"closed","ping_status":"closed","template":"","meta":{"footnotes":""},"class_list":["post-65","page","type-page","status-publish"],"_links":{"self":[{"href":"https:\/\/www.monsiegeautobebe.fr\/de\/wp-json\/wp\/v2\/pages\/65","targetHints":{"allow":["GET"]}}],"collection":[{"href":"https:\/\/www.monsiegeautobebe.fr\/de\/wp-json\/wp\/v2\/pages"}],"about":[{"href":"https:\/\/www.monsiegeautobebe.fr\/de\/wp-json\/wp\/v2\/types\/page"}],"author":[{"embeddable":true,"href":"https:\/\/www.monsiegeautobebe.fr\/de\/wp-json\/wp\/v2\/users\/2"}],"replies":[{"embeddable":true,"href":"https:\/\/www.monsiegeautobebe.fr\/de\/wp-json\/wp\/v2\/comments?post=65"}],"version-history":[{"count":0,"href":"https:\/\/www.monsiegeautobebe.fr\/de\/wp-json\/wp\/v2\/pages\/65\/revisions"}],"wp:attachment":[{"href":"https:\/\/www.monsiegeautobebe.fr\/de\/wp-json\/wp\/v2\/media?parent=65"}],"curies":[{"name":"wp","href":"https:\/\/api.w.org\/{rel}","templated":true}]}}