{"id":6021,"date":"2022-03-31T23:28:34","date_gmt":"2022-03-31T23:28:34","guid":{"rendered":"https:\/\/monsiegeautobebe.fr\/?page_id=6021"},"modified":"2022-03-31T23:28:34","modified_gmt":"2022-03-31T23:28:34","slug":"zahlung-lieferung","status":"publish","type":"page","link":"https:\/\/www.monsiegeautobebe.fr\/de\/zahlung-lieferung\/","title":{"rendered":"Zahlung &amp; Lieferung"},"content":{"rendered":"<h2><strong>LIEFERFRISTEN<\/strong><\/h2>\n<p>Bestellungen werden innerhalb von 24 bis 48 Stunden bearbeitet, ausgenommen an Wochenenden und Feiertagen. Die Methode der verfolgten Lieferung wird standardm\u00e4\u00dfig f\u00fcr alle unsere Bestellungen angewendet.<\/p>\n<ul>\n<li>\ud83c\udf0d\u00a0<strong>Verfolgte Lieferung ANGEBOTEN<\/strong>\u00a0in Frankreich und international<\/li>\n<li>\ud83d\udd52 Lieferfristen von\u00a0<strong>3 bis 6 Tage<\/strong>\u00a0Arbeitsstunden f\u00fcr Frankreich und von\u00a0<strong>4 bis 7 Tage<\/strong>\u00a0Werktage f\u00fcr Belgien und die Schweiz.<\/li>\n<\/ul>\n<p>F\u00fcr den Rest der Welt betragen die Lieferzeiten\u00a0<strong>15 bis 25 Werktage.<\/strong><\/p>\n<p>F\u00fcr alle Bestellungen gilt eine maximale Lieferzeit von 45 Werktagen. Wenn Sie Ihren Artikel nicht innerhalb von 45 Tagen erhalten, verpflichten wir uns, Ihnen den Kaufpreis zu erstatten.<\/p>\n<h2><strong>ZAHLUNGSMITTEL<\/strong><\/h2>\n<p>\ud83d\udcb3 Wir akzeptieren die meisten Zahlungsmethoden per Kreditkarte (Carte Bleue, Visa, Mastercard) oder \u00fcber Paypal.<\/p>\n<p>\ud83d\udd12 Die Zahlung per Kreditkarte oder \u00fcber PayPal ist vollst\u00e4ndig gesichert. Bei Ihrer Zahlung werden alle Bankinformationen verschl\u00fcsselt und gesch\u00fctzt (SSL-Standard), damit Sie in aller Ruhe bestellen k\u00f6nnen.<\/p>\n<h2><strong>BESTELLVERFOLGUNG<br \/>\n<\/strong><\/h2>\n<p>Sie k\u00f6nnen den Fortschritt Ihrer Bestellung \u00fcber die Tracking-Nummer verfolgen, die Ihnen bei Abgang Ihrer Bestellung per E-Mail mitgeteilt wurde.<\/p>\n<p>Die Bestellungen werden ohne vorherige Kontaktaufnahme durch den Postdienst Ihres Landes zugestellt.<\/p>","protected":false},"excerpt":{"rendered":"<p>LIEFERZEITEN Bestellungen werden innerhalb von 24 bis 48 Stunden bearbeitet, ausgenommen an Wochenenden und Feiertagen. Die Methode der verfolgten Lieferung wird standardm\u00e4\u00dfig f\u00fcr alle unsere Bestellungen angewendet. \ud83c\udf0d Verfolgte Lieferung ANGEBOTEN in Frankreich und international \ud83d\udd52 Lieferzeiten von 3 bis 6 Werktagen f\u00fcr Frankreich und von 4 bis 7 Werktagen f\u00fcr die<\/p>","protected":false},"author":2,"featured_media":0,"parent":0,"menu_order":0,"comment_status":"closed","ping_status":"closed","template":"","meta":{"footnotes":""},"class_list":["post-6021","page","type-page","status-publish"],"_links":{"self":[{"href":"https:\/\/www.monsiegeautobebe.fr\/de\/wp-json\/wp\/v2\/pages\/6021","targetHints":{"allow":["GET"]}}],"collection":[{"href":"https:\/\/www.monsiegeautobebe.fr\/de\/wp-json\/wp\/v2\/pages"}],"about":[{"href":"https:\/\/www.monsiegeautobebe.fr\/de\/wp-json\/wp\/v2\/types\/page"}],"author":[{"embeddable":true,"href":"https:\/\/www.monsiegeautobebe.fr\/de\/wp-json\/wp\/v2\/users\/2"}],"replies":[{"embeddable":true,"href":"https:\/\/www.monsiegeautobebe.fr\/de\/wp-json\/wp\/v2\/comments?post=6021"}],"version-history":[{"count":0,"href":"https:\/\/www.monsiegeautobebe.fr\/de\/wp-json\/wp\/v2\/pages\/6021\/revisions"}],"wp:attachment":[{"href":"https:\/\/www.monsiegeautobebe.fr\/de\/wp-json\/wp\/v2\/media?parent=6021"}],"curies":[{"name":"wp","href":"https:\/\/api.w.org\/{rel}","templated":true}]}}